{"id":5487,"date":"2025-05-05T11:48:00","date_gmt":"2025-05-05T11:48:00","guid":{"rendered":"https:\/\/dekuple.es\/politica-de-cookies\/"},"modified":"2025-10-02T11:37:57","modified_gmt":"2025-10-02T11:37:57","slug":"politica-de-cookies","status":"publish","type":"page","link":"https:\/\/dekuple.es\/pt-pt\/politica-de-cookies\/","title":{"rendered":"Pol\u00edtica de cookies"},"content":{"rendered":"<p class=\"CookieDeclarationDialogText\">Este site usa cookies. Os cookies deste site s\u00e3o usados para personalizar o conte\u00fado e os an\u00fancios, oferecer fun\u00e7\u00f5es de redes sociais e analisar o tr\u00e1fego. Al\u00e9m disso, partilhamos informa\u00e7\u00f5es sobre a utiliza\u00e7\u00e3o que faz do site com os nossos parceiros de redes sociais, publicidade e an\u00e1lise web, que podem combin\u00e1-la com outra informa\u00e7\u00e3o que lhes tenha fornecido ou que tenham recolhido a partir do uso que tenha feito dos seus servi\u00e7os.<\/p>\n<p class=\"CookieDeclarationDialogText\">Os cookies s\u00e3o pequenos ficheiros de texto que os sites podem utilizar para tornar mais eficiente a experi\u00eancia do utilizador.<\/p>\n<p class=\"CookieDeclarationDialogText\">A lei afirma que podemos armazenar cookies no seu dispositivo se forem estritamente necess\u00e1rias para o funcionamento deste site. Para os restantes tipos de cookies, precisamos da sua permiss\u00e3o.<\/p>\n<p class=\"CookieDeclarationDialogText\">Este site utiliza diferentes tipos de cookies. Alguns cookies s\u00e3o colocados por servi\u00e7os de terceiros que aparecem nas nossas p\u00e1ginas.<\/p>\n<p>Pode alterar ou retirar o seu consentimento a qualquer momento a partir da Declara\u00e7\u00e3o de cookies no nosso site.<\/p>\n<p>Obtenha mais informa\u00e7\u00f5es sobre quem somos, como pode contactar-nos e como processamos os dados pessoais na nossa Pol\u00edtica de privacidade.<\/p>\n<p>Ao contactar-nos relativamente ao seu consentimento, por favor, indique o ID e a data do seu consentimento.<\/p>\n<p>O seu consentimento aplica-se aos seguintes dom\u00ednios: dekuple.es<\/p>\n<div id=\"CookieDeclarationUserStatusPanel\" data-responsemode=\"leveloptin\" data-dialogtemplate=\"bottom-v2_customcolor\">\n<div id=\"CookieDeclarationUserStatusLabel\">\n<div id=\"CookieDeclarationUserStatusLabelOff\">O seu estado atual: Recusar.<\/div>\n<p id=\"CookieDeclarationConsentIdAndDate\">ID do seu consentimento: <span id=\"CookieDeclarationUserStatusLabelConsentId\">+YKr3r42wBtfkG88JLB\/lTB7wUKm2VHvnFXrzXaQMsKxPOq5C8kNvg==<\/span>Data do consentimento: <span id=\"CookieDeclarationUserStatusLabelConsentDate\">jueves, 20 de marzo de 2025, 08:45:43 CET<\/span><\/p>\n<\/div>\n<div id=\"CookieDeclarationChangeConsent\"><a id=\"CookieDeclarationChangeConsentChange\" href=\"https:\/\/dekuple.es\/pt-pt\/politica-de-cookies\/#\">Alterar o seu consentimento<\/a><\/div>\n<\/div>\n<p class=\"CookieDeclarationLastUpdated\">Declara\u00e7\u00e3o de cookies atualizada pela \u00faltima vez em 28\/4\/25 por <a title=\"Cookiebot\" href=\"https:\/\/www.cookiebot.com\/\" target=\"_blank\" rel=\"noopener nofollow\">Cookiebot<\/a>:<\/p>\n<p><script id=\"CookieDeclaration\" src=\"https:\/\/consent.cookiebot.com\/15af13a2-78a4-4dfb-bdd1-86f0858671ab\/cd.js\" type=\"text\/javascript\" async=\"\"><span data-mce-type=\"bookmark\" style=\"display: inline-block; width: 0px; overflow: hidden; line-height: 0;\" class=\"mce_SELRES_start\"><\/span><\/script><\/p>\n","protected":false},"excerpt":{"rendered":"<p>Este site usa cookies. Os cookies deste site s\u00e3o usados para personalizar o conte\u00fado e os an\u00fancios, oferecer fun\u00e7\u00f5es de redes sociais e analisar o tr\u00e1fego. Al\u00e9m disso, partilhamos informa\u00e7\u00f5es sobre a utiliza\u00e7\u00e3o que faz do site com os nossos parceiros de redes sociais, publicidade e an\u00e1lise web, que podem combin\u00e1-la com outra informa\u00e7\u00e3o que [&hellip;]<\/p>\n","protected":false},"author":2,"featured_media":0,"parent":0,"menu_order":0,"comment_status":"closed","ping_status":"closed","template":"template-page\/legales.php","meta":{"_acf_changed":false,"footnotes":""},"class_list":["post-5487","page","type-page","status-publish","hentry"],"acf":[],"_links":{"self":[{"href":"https:\/\/dekuple.es\/pt-pt\/wp-json\/wp\/v2\/pages\/5487","targetHints":{"allow":["GET"]}}],"collection":[{"href":"https:\/\/dekuple.es\/pt-pt\/wp-json\/wp\/v2\/pages"}],"about":[{"href":"https:\/\/dekuple.es\/pt-pt\/wp-json\/wp\/v2\/types\/page"}],"author":[{"embeddable":true,"href":"https:\/\/dekuple.es\/pt-pt\/wp-json\/wp\/v2\/users\/2"}],"replies":[{"embeddable":true,"href":"https:\/\/dekuple.es\/pt-pt\/wp-json\/wp\/v2\/comments?post=5487"}],"version-history":[{"count":3,"href":"https:\/\/dekuple.es\/pt-pt\/wp-json\/wp\/v2\/pages\/5487\/revisions"}],"predecessor-version":[{"id":5968,"href":"https:\/\/dekuple.es\/pt-pt\/wp-json\/wp\/v2\/pages\/5487\/revisions\/5968"}],"wp:attachment":[{"href":"https:\/\/dekuple.es\/pt-pt\/wp-json\/wp\/v2\/media?parent=5487"}],"curies":[{"name":"wp","href":"https:\/\/api.w.org\/{rel}","templated":true}]}}